{"id":361,"date":"2022-10-28T14:07:34","date_gmt":"2022-10-28T14:07:34","guid":{"rendered":"https:\/\/startersites.io\/elementor\/restaurant\/?page_id=361"},"modified":"2025-05-29T19:58:43","modified_gmt":"2025-05-29T17:58:43","slug":"contact","status":"publish","type":"page","link":"https:\/\/lasfood.fr\/index.php\/contact\/","title":{"rendered":"Contact"},"content":{"rendered":"\t\t<div data-elementor-type=\"wp-page\" data-elementor-id=\"361\" class=\"elementor elementor-361\">\n\t\t\t\t<div class=\"elementor-element elementor-element-f7eb9a8 e-flex e-con-boxed e-con e-parent\" data-id=\"f7eb9a8\" data-element_type=\"container\" data-settings=\"{&quot;background_background&quot;:&quot;classic&quot;}\">\n\t\t\t\t\t<div class=\"e-con-inner\">\n\t\t\t\t<div class=\"elementor-element elementor-element-6a84a7b elementor-widget elementor-widget-heading\" data-id=\"6a84a7b\" data-element_type=\"widget\" data-widget_type=\"heading.default\">\n\t\t\t\t<div class=\"elementor-widget-container\">\n\t\t\t\t\t<h2 class=\"elementor-heading-title elementor-size-default\">Contact<\/h2>\t\t\t\t<\/div>\n\t\t\t\t<\/div>\n\t\t\t\t<div class=\"elementor-element elementor-element-8629496 elementor-widget elementor-widget-text-editor\" data-id=\"8629496\" data-element_type=\"widget\" data-widget_type=\"text-editor.default\">\n\t\t\t\t<div class=\"elementor-widget-container\">\n\t\t\t\t\t\t\t\t\t<p>contact@L&rsquo;AS FOOD<\/p>\t\t\t\t\t\t\t\t<\/div>\n\t\t\t\t<\/div>\n\t\t\t\t<div class=\"elementor-element elementor-element-57c0183 ct-animated-scroll-icon elementor-view-default elementor-widget elementor-widget-icon\" data-id=\"57c0183\" data-element_type=\"widget\" data-widget_type=\"icon.default\">\n\t\t\t\t<div class=\"elementor-widget-container\">\n\t\t\t\t\t\t\t<div class=\"elementor-icon-wrapper\">\n\t\t\t<div class=\"elementor-icon\">\n\t\t\t<svg xmlns=\"http:\/\/www.w3.org\/2000\/svg\" viewBox=\"0 0 50 50\"><path d=\"M25 0C16.4 0 9.4 7 9.4 15.6v18.8a15.6 15.6 0 0 0 31.2 0V15.6C40.6 7 33.6 0 25 0zm12.5 34.4a12.5 12.5 0 0 1-25 0V15.6a12.5 12.5 0 0 1 25 0v18.8z\"><\/path><circle cx=\"25\" cy=\"11.6\" r=\"4\"><\/circle><\/svg>\t\t\t<\/div>\n\t\t<\/div>\n\t\t\t\t\t\t<\/div>\n\t\t\t\t<\/div>\n\t\t\t\t\t<\/div>\n\t\t\t\t<\/div>\n\t\t<div class=\"elementor-element elementor-element-3af96da e-flex e-con-boxed e-con e-parent\" data-id=\"3af96da\" data-element_type=\"container\">\n\t\t\t\t\t<div class=\"e-con-inner\">\n\t\t<div class=\"elementor-element elementor-element-afbb701 e-con-full e-flex e-con e-child\" data-id=\"afbb701\" data-element_type=\"container\" data-settings=\"{&quot;background_background&quot;:&quot;classic&quot;}\">\n\t\t\t\t<div class=\"elementor-element elementor-element-e50b6af elementor-view-stacked elementor-position-left elementor-tablet-position-top elementor-shape-circle elementor-mobile-position-top elementor-vertical-align-top elementor-widget elementor-widget-icon-box\" data-id=\"e50b6af\" data-element_type=\"widget\" data-widget_type=\"icon-box.default\">\n\t\t\t\t<div class=\"elementor-widget-container\">\n\t\t\t\t\t\t\t<div class=\"elementor-icon-box-wrapper\">\n\n\t\t\t\t\t\t<div class=\"elementor-icon-box-icon\">\n\t\t\t\t<span  class=\"elementor-icon\">\n\t\t\t\t<svg xmlns=\"http:\/\/www.w3.org\/2000\/svg\" viewBox=\"0 0 50 50\"><path d=\"m32.6 32.5 5.4-7.6c5-7.1 3.4-16.9-3.7-22a15.8 15.8 0 0 0-22 22l5.4 7.6c-6.7 1.2-12 4-12 8.5 0 6 9.7 9.1 19.3 9.1S44.3 47 44.3 41c0-4.5-5.2-7.3-11.7-8.5zm-16.9-10a11.6 11.6 0 0 1 2.8-16.2 11.5 11.5 0 0 1 16.1 16.1l-9.5 13.3-9.4-13.2zM25 45.8c-9.8 0-15.1-3.3-15.1-4.9 0-1.4 3.7-3.8 10.5-4.6l3 4.3c.7.9 2 1.2 2.9.5l.5-.5 3-4.2c6.6.8 10.2 3.2 10.2 4.6.1 1.6-5.2 4.8-15 4.8zm6.9-30.2a6.8 6.8 0 1 0-6.8 6.8 6.9 6.9 0 0 0 6.8-6.8zm-9.5 0a2.8 2.8 0 1 1 5.6 0 2.8 2.8 0 1 1-5.6 0z\"><\/path><\/svg>\t\t\t\t<\/span>\n\t\t\t<\/div>\n\t\t\t\n\t\t\t\t\t\t<div class=\"elementor-icon-box-content\">\n\n\t\t\t\t\t\t\t\t\t<h5 class=\"elementor-icon-box-title\">\n\t\t\t\t\t\t<span  >\n\t\t\t\t\t\t\tAdresse\t\t\t\t\t\t<\/span>\n\t\t\t\t\t<\/h5>\n\t\t\t\t\n\t\t\t\t\t\t\t\t\t<p class=\"elementor-icon-box-description\">\n\t\t\t\t\t\t62 rue du G\u00e9n\u00e9ral de GAULLE 67150 ERSTEIN\t\t\t\t\t<\/p>\n\t\t\t\t\n\t\t\t<\/div>\n\t\t\t\n\t\t<\/div>\n\t\t\t\t\t\t<\/div>\n\t\t\t\t<\/div>\n\t\t\t\t<div class=\"elementor-element elementor-element-3acd822 elementor-view-stacked elementor-position-left elementor-tablet-position-top elementor-shape-circle elementor-mobile-position-top elementor-vertical-align-top elementor-widget elementor-widget-icon-box\" data-id=\"3acd822\" data-element_type=\"widget\" data-widget_type=\"icon-box.default\">\n\t\t\t\t<div class=\"elementor-widget-container\">\n\t\t\t\t\t\t\t<div class=\"elementor-icon-box-wrapper\">\n\n\t\t\t\t\t\t<div class=\"elementor-icon-box-icon\">\n\t\t\t\t<span  class=\"elementor-icon\">\n\t\t\t\t<svg xmlns=\"http:\/\/www.w3.org\/2000\/svg\" viewBox=\"0 0 50 50\"><path d=\"M43.1 50h-.6A48.1 48.1 0 0 1 .1 7.5 6.9 6.9 0 0 1 6.3 0h7.5c3.4 0 6.3 2.5 6.8 5.9.3 2 .8 4 1.5 5.9a7 7 0 0 1-1.5 7.2L19 20.6c2.7 4.2 6.2 7.7 10.4 10.4l1.6-1.6a6.6 6.6 0 0 1 7.2-1.5 30 30 0 0 0 5.9 1.5c3.4.5 6 3.5 5.9 6.9v6.8a7 7 0 0 1-6.9 6.9zm-.2-4.6h.2c1.2 0 2.3-1 2.3-2.3v-6.9c0-1.1-.8-2.1-1.9-2.3-2.4-.3-4.7-.9-6.9-1.7-.8-.3-1.8-.1-2.4.5l-2.9 2.9c-.7.7-1.9.9-2.8.4A38.1 38.1 0 0 1 14 21.5c-.5-.9-.4-2 .4-2.8l2.9-2.9c.6-.6.8-1.6.5-2.4-.8-2.2-1.4-4.5-1.7-6.9a2.2 2.2 0 0 0-2.2-1.9h-7c-1.2 0-2.3 1-2.3 2.3v.2a42.9 42.9 0 0 0 38.3 38.3z\"><\/path><\/svg>\t\t\t\t<\/span>\n\t\t\t<\/div>\n\t\t\t\n\t\t\t\t\t\t<div class=\"elementor-icon-box-content\">\n\n\t\t\t\t\t\t\t\t\t<h5 class=\"elementor-icon-box-title\">\n\t\t\t\t\t\t<span  >\n\t\t\t\t\t\t\tT\u00e9l\u00e9phon\u00e9\t\t\t\t\t\t<\/span>\n\t\t\t\t\t<\/h5>\n\t\t\t\t\n\t\t\t\t\t\t\t\t\t<p class=\"elementor-icon-box-description\">\n\t\t\t\t\t\t<a href=\"tel:07 82 92 54 00\" style=\"color: rgb(235, 48, 7); transition: 0.3s ease-in-out; position: relative; text-shadow: transparent -0.15px -0.15px 0px, transparent 0.15px 0.15px; display: inline-block; white-space-collapse: collapse;\">07 82 92 54 00<\/a>\t\t\t\t\t<\/p>\n\t\t\t\t\n\t\t\t<\/div>\n\t\t\t\n\t\t<\/div>\n\t\t\t\t\t\t<\/div>\n\t\t\t\t<\/div>\n\t\t\t\t<div class=\"elementor-element elementor-element-62ff114 elementor-view-stacked elementor-position-left elementor-tablet-position-top elementor-shape-circle elementor-mobile-position-top elementor-vertical-align-top elementor-widget elementor-widget-icon-box\" data-id=\"62ff114\" data-element_type=\"widget\" data-widget_type=\"icon-box.default\">\n\t\t\t\t<div class=\"elementor-widget-container\">\n\t\t\t\t\t\t\t<div class=\"elementor-icon-box-wrapper\">\n\n\t\t\t\t\t\t<div class=\"elementor-icon-box-icon\">\n\t\t\t\t<span  class=\"elementor-icon\">\n\t\t\t\t<svg xmlns=\"http:\/\/www.w3.org\/2000\/svg\" viewBox=\"0 0 50 50\"><path d=\"M50 12.1V7.9c0-1.2-1-2.1-2.1-2.1H2.1C1 5.8 0 6.8 0 7.9V42c0 1.2 1 2.1 2.1 2.1h45.7c1.2 0 2.1-1 2.1-2.1V12.7l.1-.6zm-4.3-2v1.2L25 23.9 4.3 11.3v-1.2h41.4zM4.3 39.9V16.3l19.6 12c.3.2.7.3 1.1.3a2 2 0 0 0 1.1-.3l19.6-12v23.6H4.3z\"><\/path><\/svg>\t\t\t\t<\/span>\n\t\t\t<\/div>\n\t\t\t\n\t\t\t\t\t\t<div class=\"elementor-icon-box-content\">\n\n\t\t\t\t\t\t\t\t\t<h5 class=\"elementor-icon-box-title\">\n\t\t\t\t\t\t<span  >\n\t\t\t\t\t\t\tEmail\t\t\t\t\t\t<\/span>\n\t\t\t\t\t<\/h5>\n\t\t\t\t\n\t\t\t\t\t\t\t\t\t<p class=\"elementor-icon-box-description\">\n\t\t\t\t\t\tinfo@lasfood.fr\t\t\t\t\t<\/p>\n\t\t\t\t\n\t\t\t<\/div>\n\t\t\t\n\t\t<\/div>\n\t\t\t\t\t\t<\/div>\n\t\t\t\t<\/div>\n\t\t\t\t<\/div>\n\t\t<div class=\"elementor-element elementor-element-3b85264 e-con-full e-flex e-con e-child\" data-id=\"3b85264\" data-element_type=\"container\">\n\t\t\t\t<div class=\"elementor-element elementor-element-121b492 elementor-widget elementor-widget-heading\" data-id=\"121b492\" data-element_type=\"widget\" data-widget_type=\"heading.default\">\n\t\t\t\t<div class=\"elementor-widget-container\">\n\t\t\t\t\t<h2 class=\"elementor-heading-title elementor-size-default\">Book a table online<\/h2>\t\t\t\t<\/div>\n\t\t\t\t<\/div>\n\t\t\t\t<div class=\"elementor-element elementor-element-291b004 elementor-widget elementor-widget-text-editor\" data-id=\"291b004\" data-element_type=\"widget\" data-widget_type=\"text-editor.default\">\n\t\t\t\t<div class=\"elementor-widget-container\">\n\t\t\t\t\t\t\t\t\t<p>Aenean sed lorem est. Sed quis neque ut nibh suscipit imperdiet ac non augue. Aenean ornare sit amet lectus.<\/p>\t\t\t\t\t\t\t\t<\/div>\n\t\t\t\t<\/div>\n\t\t\t\t<\/div>\n\t\t\t\t\t<\/div>\n\t\t\t\t<\/div>\n\t\t<div class=\"elementor-element elementor-element-7f6ecc1 e-flex e-con-boxed e-con e-parent\" data-id=\"7f6ecc1\" data-element_type=\"container\">\n\t\t\t\t\t<div class=\"e-con-inner\">\n\t\t\t\t<div class=\"elementor-element elementor-element-4c1f418 elementor-widget elementor-widget-google_maps\" data-id=\"4c1f418\" data-element_type=\"widget\" data-widget_type=\"google_maps.default\">\n\t\t\t\t<div class=\"elementor-widget-container\">\n\t\t\t\t\t\t\t<div class=\"elementor-custom-embed\">\n\t\t\t<iframe loading=\"lazy\"\n\t\t\t\t\tsrc=\"https:\/\/maps.google.com\/maps?q=France%2C%20Erstein%2C%2062%20rue%20du%20G%C3%A9n%C3%A9ral%20de%20Gaulle&#038;t=m&#038;z=12&#038;output=embed&#038;iwloc=near\"\n\t\t\t\t\ttitle=\"France, Erstein, 62 rue du G\u00e9n\u00e9ral de Gaulle\"\n\t\t\t\t\taria-label=\"France, Erstein, 62 rue du G\u00e9n\u00e9ral de Gaulle\"\n\t\t\t><\/iframe>\n\t\t<\/div>\n\t\t\t\t\t\t<\/div>\n\t\t\t\t<\/div>\n\t\t\t\t\t<\/div>\n\t\t\t\t<\/div>\n\t\t<div class=\"elementor-element elementor-element-39a2c34 e-flex e-con-boxed e-con e-parent\" data-id=\"39a2c34\" data-element_type=\"container\">\n\t\t\t\t\t<div class=\"e-con-inner\">\n\t\t<div class=\"elementor-element elementor-element-3a0a30d e-con-full e-flex e-con e-child\" data-id=\"3a0a30d\" data-element_type=\"container\" data-settings=\"{&quot;background_background&quot;:&quot;classic&quot;}\">\n\t\t\t\t<\/div>\n\t\t<div class=\"elementor-element elementor-element-ac732f6 e-con-full e-flex e-con e-child\" data-id=\"ac732f6\" data-element_type=\"container\" data-settings=\"{&quot;background_background&quot;:&quot;classic&quot;}\">\n\t\t\t\t<div class=\"elementor-element elementor-element-f8e89e7 elementor-widget elementor-widget-heading\" data-id=\"f8e89e7\" data-element_type=\"widget\" data-widget_type=\"heading.default\">\n\t\t\t\t<div class=\"elementor-widget-container\">\n\t\t\t\t\t<h2 class=\"elementor-heading-title elementor-size-default\">L'AS FOOD<\/h2>\t\t\t\t<\/div>\n\t\t\t\t<\/div>\n\t\t\t\t<div class=\"elementor-element elementor-element-3908949 elementor-widget elementor-widget-text-editor\" data-id=\"3908949\" data-element_type=\"widget\" data-widget_type=\"text-editor.default\">\n\t\t\t\t<div class=\"elementor-widget-container\">\n\t\t\t\t\t\t\t\t\t<p>63 rue du G\u00e9n\u00e9ral de Gaulle<\/p>\t\t\t\t\t\t\t\t<\/div>\n\t\t\t\t<\/div>\n\t\t\t\t<div class=\"elementor-element elementor-element-bc36ea1 elementor-tablet-align-center elementor-widget elementor-widget-button\" data-id=\"bc36ea1\" data-element_type=\"widget\" data-widget_type=\"button.default\">\n\t\t\t\t<div class=\"elementor-widget-container\">\n\t\t\t\t\t\t\t\t\t<div class=\"elementor-button-wrapper\">\n\t\t\t\t\t<a class=\"elementor-button elementor-button-link elementor-size-sm\" href=\"#\">\n\t\t\t\t\t\t<span class=\"elementor-button-content-wrapper\">\n\t\t\t\t\t\t\t\t\t<span class=\"elementor-button-text\">Grab Vaucher<\/span>\n\t\t\t\t\t<\/span>\n\t\t\t\t\t<\/a>\n\t\t\t\t<\/div>\n\t\t\t\t\t\t\t\t<\/div>\n\t\t\t\t<\/div>\n\t\t\t\t<\/div>\n\t\t\t\t\t<\/div>\n\t\t\t\t<\/div>\n\t\t\t\t<\/div>\n\t\t","protected":false},"excerpt":{"rendered":"<p>Contact contact@L&rsquo;AS FOOD Adresse 62 rue du G\u00e9n\u00e9ral de GAULLE 67150 ERSTEIN T\u00e9l\u00e9phon\u00e9 07 82 92 54 00 Email info@lasfood.fr Book a table online Aenean sed lorem est. Sed quis neque ut nibh suscipit imperdiet ac non augue. Aenean ornare sit amet lectus. L&rsquo;AS FOOD 63 rue du G\u00e9n\u00e9ral de Gaulle Grab Vaucher<\/p>\n","protected":false},"author":1,"featured_media":0,"parent":0,"menu_order":0,"comment_status":"closed","ping_status":"closed","template":"","meta":{"_et_pb_use_builder":"","_et_pb_old_content":"","_et_gb_content_width":"","footnotes":""},"class_list":["post-361","page","type-page","status-publish","hentry"],"_links":{"self":[{"href":"https:\/\/lasfood.fr\/index.php\/wp-json\/wp\/v2\/pages\/361","targetHints":{"allow":["GET"]}}],"collection":[{"href":"https:\/\/lasfood.fr\/index.php\/wp-json\/wp\/v2\/pages"}],"about":[{"href":"https:\/\/lasfood.fr\/index.php\/wp-json\/wp\/v2\/types\/page"}],"author":[{"embeddable":true,"href":"https:\/\/lasfood.fr\/index.php\/wp-json\/wp\/v2\/users\/1"}],"replies":[{"embeddable":true,"href":"https:\/\/lasfood.fr\/index.php\/wp-json\/wp\/v2\/comments?post=361"}],"version-history":[{"count":6,"href":"https:\/\/lasfood.fr\/index.php\/wp-json\/wp\/v2\/pages\/361\/revisions"}],"predecessor-version":[{"id":911,"href":"https:\/\/lasfood.fr\/index.php\/wp-json\/wp\/v2\/pages\/361\/revisions\/911"}],"wp:attachment":[{"href":"https:\/\/lasfood.fr\/index.php\/wp-json\/wp\/v2\/media?parent=361"}],"curies":[{"name":"wp","href":"https:\/\/api.w.org\/{rel}","templated":true}]}}